{"id":1037,"date":"2020-09-18T15:05:55","date_gmt":"2020-09-18T15:05:55","guid":{"rendered":"http:\/\/usluge.ict-aac.hr\/udzbenik-pk\/\/?page_id=1037"},"modified":"2020-09-23T10:00:02","modified_gmt":"2020-09-23T10:00:02","slug":"patricia-politano","status":"publish","type":"page","link":"https:\/\/usluge.ict-aac.hr\/udzbenik-pk\/?page_id=1037","title":{"rendered":"Patricia Politano"},"content":{"rendered":"\n<figure class=\"wp-block-image size-large is-resized\"><img loading=\"lazy\" decoding=\"async\" src=\"http:\/\/usluge.ict-aac.hr\/udzbenik-pk\/\/wp-content\/uploads\/2020\/09\/Pat-Paaa.jpeg\" alt=\"\" class=\"wp-image-1377\" width=\"240\" height=\"180\"\/><\/figure>\n\n\n\n<p><strong>Patricia Politano<\/strong> je logopedica, doktorica znanosti i specijalistica asistivne tehnologije koja vi\u0161e od 30 godina razvija podru\u010dje potpomognute komunikacije na Sveu\u010dili\u0161tu Illinois u Chicagu, u okviru Jedinice za asistivnu tehnologiju. Ujedno je klini\u010dka izvanredna profesorica na Odsjeku za razvoj i razvojne poreme\u0107aje te sudjeluje u provedbi predmeta na diplomskom studiju koji su povezani s potpomognutom komunikacijom i asistivnom tehnologijom. Istra\u017eiva\u010dki interesi podrazumijevaju perspektivu korisnika potpomognute komunikacije, zakonodavne okvire za potpomognutu komunikaciju i komunikaciju izme\u0111u stru\u010dnjaka i korisnika. Dobitnica je presti\u017ene Fulbright stipendije koju je provela u Hrvatskoj na Odsjeku za logopediju Edukacijsko-rehabilitacijskog fakulteta. Predstavila je brojne radove na temu potpomognute komunikacije diljem svijeta.<\/p>\n","protected":false},"excerpt":{"rendered":"<p>Patricia Politano je logopedica, doktorica znanosti i specijalistica asistivne tehnologije koja vi\u0161e od 30 godina razvija podru\u010dje potpomognute komunikacije na Sveu\u010dili\u0161tu Illinois u Chicagu, u okviru Jedinice za asistivnu tehnologiju. Ujedno je klini\u010dka izvanredna profesorica na Odsjeku za razvoj i [&hellip;]<\/p>\n","protected":false},"author":3,"featured_media":0,"parent":360,"menu_order":0,"comment_status":"closed","ping_status":"closed","template":"","meta":{"footnotes":""},"tags":[],"class_list":["post-1037","page","type-page","status-publish","hentry"],"_links":{"self":[{"href":"https:\/\/usluge.ict-aac.hr\/udzbenik-pk\/index.php?rest_route=\/wp\/v2\/pages\/1037","targetHints":{"allow":["GET"]}}],"collection":[{"href":"https:\/\/usluge.ict-aac.hr\/udzbenik-pk\/index.php?rest_route=\/wp\/v2\/pages"}],"about":[{"href":"https:\/\/usluge.ict-aac.hr\/udzbenik-pk\/index.php?rest_route=\/wp\/v2\/types\/page"}],"author":[{"embeddable":true,"href":"https:\/\/usluge.ict-aac.hr\/udzbenik-pk\/index.php?rest_route=\/wp\/v2\/users\/3"}],"replies":[{"embeddable":true,"href":"https:\/\/usluge.ict-aac.hr\/udzbenik-pk\/index.php?rest_route=%2Fwp%2Fv2%2Fcomments&post=1037"}],"version-history":[{"count":4,"href":"https:\/\/usluge.ict-aac.hr\/udzbenik-pk\/index.php?rest_route=\/wp\/v2\/pages\/1037\/revisions"}],"predecessor-version":[{"id":1487,"href":"https:\/\/usluge.ict-aac.hr\/udzbenik-pk\/index.php?rest_route=\/wp\/v2\/pages\/1037\/revisions\/1487"}],"up":[{"embeddable":true,"href":"https:\/\/usluge.ict-aac.hr\/udzbenik-pk\/index.php?rest_route=\/wp\/v2\/pages\/360"}],"wp:attachment":[{"href":"https:\/\/usluge.ict-aac.hr\/udzbenik-pk\/index.php?rest_route=%2Fwp%2Fv2%2Fmedia&parent=1037"}],"wp:term":[{"taxonomy":"post_tag","embeddable":true,"href":"https:\/\/usluge.ict-aac.hr\/udzbenik-pk\/index.php?rest_route=%2Fwp%2Fv2%2Ftags&post=1037"}],"curies":[{"name":"wp","href":"https:\/\/api.w.org\/{rel}","templated":true}]}}