{"id":1035,"date":"2020-09-18T15:05:21","date_gmt":"2020-09-18T15:05:21","guid":{"rendered":"http:\/\/usluge.ict-aac.hr\/udzbenik-pk\/\/?page_id=1035"},"modified":"2020-09-18T15:11:36","modified_gmt":"2020-09-18T15:11:36","slug":"renata-pinjatela","status":"publish","type":"page","link":"https:\/\/usluge.ict-aac.hr\/udzbenik-pk\/?page_id=1035","title":{"rendered":"Renata Pinjatela"},"content":{"rendered":"\n<p><strong>Renata Pinjatela<\/strong> izvanredna je profesorica na Edukacijsko-rehabilitacijskom fakultetu Sveu\u010dili\u0161ta u Zagrebu, na Odsjeku za motori\u010dke poreme\u0107aje, kroni\u010dne bolesti i art terapije. Diplomirala je i doktorirala na istom fakultetu. Sudjeluje kao istra\u017eiva\u010dica na znanstvenim i stru\u010dnim projektima uz pokroviteljstvo Sveu\u010dili\u0161ta u Zagrebu, Ministarstva za demografiju, obitelj, socijalnu politiku i mlade Republike Hrvatske, Grada Zagreba, UNICEF-a i projektima financiranima sredstvima Europske unije (Europski socijalni fond). Njezini istra\u017eiva\u010dki interesi usmjereni su na metode u edukaciji i rehabilitaciji osoba s motori\u010dkim poreme\u0107ajima i kroni\u010dnim bolestima te primjenu asistivne i rehabilitacijske tehnologije. Autorica je i suautorica ve\u0107eg broja znanstvenih i stru\u010dnih radova objavljenih u me\u0111unarodnim \u010dasopisima i zbornicima radova s doma\u0107ih i me\u0111unarodnih konferencija. \u010clanica je Hrvatske komore edukacijskih rehabilitatora i Udruge za promicanje asistivne tehnologije u Europi (Association for the Advancement of Assistive Technology in Europe, AAATE).<\/p>\n","protected":false},"excerpt":{"rendered":"<p>Renata Pinjatela izvanredna je profesorica na Edukacijsko-rehabilitacijskom fakultetu Sveu\u010dili\u0161ta u Zagrebu, na Odsjeku za motori\u010dke poreme\u0107aje, kroni\u010dne bolesti i art terapije. Diplomirala je i doktorirala na istom fakultetu. Sudjeluje kao istra\u017eiva\u010dica na znanstvenim i stru\u010dnim projektima uz pokroviteljstvo Sveu\u010dili\u0161ta u [&hellip;]<\/p>\n","protected":false},"author":3,"featured_media":0,"parent":360,"menu_order":0,"comment_status":"closed","ping_status":"closed","template":"","meta":{"footnotes":""},"tags":[],"class_list":["post-1035","page","type-page","status-publish","hentry"],"_links":{"self":[{"href":"https:\/\/usluge.ict-aac.hr\/udzbenik-pk\/index.php?rest_route=\/wp\/v2\/pages\/1035","targetHints":{"allow":["GET"]}}],"collection":[{"href":"https:\/\/usluge.ict-aac.hr\/udzbenik-pk\/index.php?rest_route=\/wp\/v2\/pages"}],"about":[{"href":"https:\/\/usluge.ict-aac.hr\/udzbenik-pk\/index.php?rest_route=\/wp\/v2\/types\/page"}],"author":[{"embeddable":true,"href":"https:\/\/usluge.ict-aac.hr\/udzbenik-pk\/index.php?rest_route=\/wp\/v2\/users\/3"}],"replies":[{"embeddable":true,"href":"https:\/\/usluge.ict-aac.hr\/udzbenik-pk\/index.php?rest_route=%2Fwp%2Fv2%2Fcomments&post=1035"}],"version-history":[{"count":1,"href":"https:\/\/usluge.ict-aac.hr\/udzbenik-pk\/index.php?rest_route=\/wp\/v2\/pages\/1035\/revisions"}],"predecessor-version":[{"id":1036,"href":"https:\/\/usluge.ict-aac.hr\/udzbenik-pk\/index.php?rest_route=\/wp\/v2\/pages\/1035\/revisions\/1036"}],"up":[{"embeddable":true,"href":"https:\/\/usluge.ict-aac.hr\/udzbenik-pk\/index.php?rest_route=\/wp\/v2\/pages\/360"}],"wp:attachment":[{"href":"https:\/\/usluge.ict-aac.hr\/udzbenik-pk\/index.php?rest_route=%2Fwp%2Fv2%2Fmedia&parent=1035"}],"wp:term":[{"taxonomy":"post_tag","embeddable":true,"href":"https:\/\/usluge.ict-aac.hr\/udzbenik-pk\/index.php?rest_route=%2Fwp%2Fv2%2Ftags&post=1035"}],"curies":[{"name":"wp","href":"https:\/\/api.w.org\/{rel}","templated":true}]}}