{"id":1033,"date":"2020-09-18T15:04:38","date_gmt":"2020-09-18T15:04:38","guid":{"rendered":"http:\/\/usluge.ict-aac.hr\/udzbenik-pk\/\/?page_id=1033"},"modified":"2020-09-23T10:03:19","modified_gmt":"2020-09-23T10:03:19","slug":"klara-popcevic","status":"publish","type":"page","link":"https:\/\/usluge.ict-aac.hr\/udzbenik-pk\/?page_id=1033","title":{"rendered":"Klara Pop\u010devi\u0107"},"content":{"rendered":"\n<figure class=\"wp-block-image size-large is-resized\"><img loading=\"lazy\" decoding=\"async\" src=\"http:\/\/usluge.ict-aac.hr\/udzbenik-pk\/\/wp-content\/uploads\/2020\/09\/Klara_photo.jpg\" alt=\"\" class=\"wp-image-1147\" width=\"206\" height=\"297\"\/><\/figure>\n\n\n\n<p><strong>Klara Pop\u010devi\u0107<\/strong> diplomirala je logopediju na Edukacijsko-rehabilitacijskom fakultetu Sveu\u010dili\u0161ta u Zagrebu 2014. godine. Na istom fakultetu upisala je poslijediplomski studij Poreme\u0107aji jezika, govora i slu\u0161anja. Trenuta\u010dno je zaposlena kao asistentica na Odsjeku za logopediju ERF-a Sveu\u010dili\u0161ta u Zagrebu. Njezini stru\u010dni i istra\u017eiva\u010dki interesi usmjereni su na podru\u010dje razvoja komunikacije i jezika u djece s poreme\u0107ajem iz spektra autizma te razvoj intervencija u okviru potpomognute komunikacije. U tim podru\u010djima objavila je nekoliko znanstvenih radova, aktivno sudjelovala na doma\u0107im i me\u0111unarodnim konferencijama te na stru\u010dnim i znanstvenim projektima. Sudjelovala je na nekoliko projekata koji su usmjereni na izgradnju kapaciteta stru\u010dnjaka u podru\u010dju potpomognute komunikacije. \u010clanica je Hrvatskog logopedskog dru\u0161tva, Hrvatske udruge za ranu intervenciju u djetinjstvu (HURID) i Kompetencijske mre\u017ee ICT-AAC.<\/p>\n","protected":false},"excerpt":{"rendered":"<p>Klara Pop\u010devi\u0107 diplomirala je logopediju na Edukacijsko-rehabilitacijskom fakultetu Sveu\u010dili\u0161ta u Zagrebu 2014. godine. Na istom fakultetu upisala je poslijediplomski studij Poreme\u0107aji jezika, govora i slu\u0161anja. Trenuta\u010dno je zaposlena kao asistentica na Odsjeku za logopediju ERF-a Sveu\u010dili\u0161ta u Zagrebu. Njezini stru\u010dni [&hellip;]<\/p>\n","protected":false},"author":3,"featured_media":0,"parent":360,"menu_order":0,"comment_status":"closed","ping_status":"closed","template":"","meta":{"footnotes":""},"tags":[],"class_list":["post-1033","page","type-page","status-publish","hentry"],"_links":{"self":[{"href":"https:\/\/usluge.ict-aac.hr\/udzbenik-pk\/index.php?rest_route=\/wp\/v2\/pages\/1033","targetHints":{"allow":["GET"]}}],"collection":[{"href":"https:\/\/usluge.ict-aac.hr\/udzbenik-pk\/index.php?rest_route=\/wp\/v2\/pages"}],"about":[{"href":"https:\/\/usluge.ict-aac.hr\/udzbenik-pk\/index.php?rest_route=\/wp\/v2\/types\/page"}],"author":[{"embeddable":true,"href":"https:\/\/usluge.ict-aac.hr\/udzbenik-pk\/index.php?rest_route=\/wp\/v2\/users\/3"}],"replies":[{"embeddable":true,"href":"https:\/\/usluge.ict-aac.hr\/udzbenik-pk\/index.php?rest_route=%2Fwp%2Fv2%2Fcomments&post=1033"}],"version-history":[{"count":3,"href":"https:\/\/usluge.ict-aac.hr\/udzbenik-pk\/index.php?rest_route=\/wp\/v2\/pages\/1033\/revisions"}],"predecessor-version":[{"id":1490,"href":"https:\/\/usluge.ict-aac.hr\/udzbenik-pk\/index.php?rest_route=\/wp\/v2\/pages\/1033\/revisions\/1490"}],"up":[{"embeddable":true,"href":"https:\/\/usluge.ict-aac.hr\/udzbenik-pk\/index.php?rest_route=\/wp\/v2\/pages\/360"}],"wp:attachment":[{"href":"https:\/\/usluge.ict-aac.hr\/udzbenik-pk\/index.php?rest_route=%2Fwp%2Fv2%2Fmedia&parent=1033"}],"wp:term":[{"taxonomy":"post_tag","embeddable":true,"href":"https:\/\/usluge.ict-aac.hr\/udzbenik-pk\/index.php?rest_route=%2Fwp%2Fv2%2Ftags&post=1033"}],"curies":[{"name":"wp","href":"https:\/\/api.w.org\/{rel}","templated":true}]}}