{"id":1031,"date":"2020-09-18T15:03:58","date_gmt":"2020-09-18T15:03:58","guid":{"rendered":"http:\/\/usluge.ict-aac.hr\/udzbenik-pk\/\/?page_id=1031"},"modified":"2020-09-18T21:19:00","modified_gmt":"2020-09-18T21:19:00","slug":"marina-milkovic","status":"publish","type":"page","link":"https:\/\/usluge.ict-aac.hr\/udzbenik-pk\/?page_id=1031","title":{"rendered":"Marina Milkovi\u0107"},"content":{"rendered":"\n<figure class=\"wp-block-image size-large is-resized\"><img loading=\"lazy\" decoding=\"async\" src=\"http:\/\/usluge.ict-aac.hr\/udzbenik-pk\/\/wp-content\/uploads\/2020\/09\/Marina-Milkovic.jpg\" alt=\"\" class=\"wp-image-1145\" width=\"205\" height=\"271\"\/><\/figure>\n\n\n\n<p><strong>Marina Milkovi\u0107<\/strong> docentica je na Odsjeku za o\u0161te\u0107enja sluha Edukacijsko-rehabilitacijskog fakulteta Sveu\u010dili\u0161ta u Zagrebu, gdje je i suradnica Laboratorija za istra\u017eivanje znakovnog jezika i kulture Gluhih te Kabineta za o\u0161te\u0107enja sluha u Centru za rehabilitaciju. Diplomirala je 1999. godine, magistrirala 2005. i doktorirala 2011. godine na istom fakultetu. Znanstveno i stru\u010dno usavr\u0161avala se na nekoliko inozemnih sveu\u010dili\u0161ta \u2013 Purdue University, IN, SAD, Linguistics Program, American Sign Language Research Laboratory; University of Warsaw, Faculty of Polish Studies, Section for Sign Linguistic; Hamburg University, Institute of German Sign Language and Communication of the Deaf; University of Graz, Department of Translation Studies; University of Salzburg, Department of Linguistics &amp; Centre for Cognitive Neuroscience \u2013 kroz vi\u0161ekratne studijske posjete. Njezin istra\u017eiva\u010dki interes je lingvistika (hrvatskog) znakovnog jezika. Znanstveno i stru\u010dno bavi se i kulturom gluhih, tehnikama i metodama pou\u010davanja (hrvatskog) znakovnog jezika, prevo\u0111enjem na\/sa (hrvatskog) znakovnog jezika, odgojem i obrazovanjem gluhe i nagluhe djece te manualnim simbolima u potpomognutoj komunikaciji. Sudjelovala je na nekoliko me\u0111unarodnih znanstvenih i stru\u010dnih projekta kao suradnica ili konzultantica za hrvatski znakovni jezik. Objavila je 15 radova u doma\u0107im i inozemnim znanstvenim i stru\u010dnim \u010dasopisima. Aktivno je sudjelovala s vi\u0161e od 60 radova na doma\u0107im i inozemnim znanstvenim i stru\u010dnim konferencijama. \u010clanica je Sign Language Linguistic Society.<\/p>\n","protected":false},"excerpt":{"rendered":"<p>Marina Milkovi\u0107 docentica je na Odsjeku za o\u0161te\u0107enja sluha Edukacijsko-rehabilitacijskog fakulteta Sveu\u010dili\u0161ta u Zagrebu, gdje je i suradnica Laboratorija za istra\u017eivanje znakovnog jezika i kulture Gluhih te Kabineta za o\u0161te\u0107enja sluha u Centru za rehabilitaciju. Diplomirala je 1999. godine, magistrirala [&hellip;]<\/p>\n","protected":false},"author":3,"featured_media":0,"parent":360,"menu_order":0,"comment_status":"closed","ping_status":"closed","template":"","meta":{"footnotes":""},"tags":[],"class_list":["post-1031","page","type-page","status-publish","hentry"],"_links":{"self":[{"href":"https:\/\/usluge.ict-aac.hr\/udzbenik-pk\/index.php?rest_route=\/wp\/v2\/pages\/1031","targetHints":{"allow":["GET"]}}],"collection":[{"href":"https:\/\/usluge.ict-aac.hr\/udzbenik-pk\/index.php?rest_route=\/wp\/v2\/pages"}],"about":[{"href":"https:\/\/usluge.ict-aac.hr\/udzbenik-pk\/index.php?rest_route=\/wp\/v2\/types\/page"}],"author":[{"embeddable":true,"href":"https:\/\/usluge.ict-aac.hr\/udzbenik-pk\/index.php?rest_route=\/wp\/v2\/users\/3"}],"replies":[{"embeddable":true,"href":"https:\/\/usluge.ict-aac.hr\/udzbenik-pk\/index.php?rest_route=%2Fwp%2Fv2%2Fcomments&post=1031"}],"version-history":[{"count":2,"href":"https:\/\/usluge.ict-aac.hr\/udzbenik-pk\/index.php?rest_route=\/wp\/v2\/pages\/1031\/revisions"}],"predecessor-version":[{"id":1146,"href":"https:\/\/usluge.ict-aac.hr\/udzbenik-pk\/index.php?rest_route=\/wp\/v2\/pages\/1031\/revisions\/1146"}],"up":[{"embeddable":true,"href":"https:\/\/usluge.ict-aac.hr\/udzbenik-pk\/index.php?rest_route=\/wp\/v2\/pages\/360"}],"wp:attachment":[{"href":"https:\/\/usluge.ict-aac.hr\/udzbenik-pk\/index.php?rest_route=%2Fwp%2Fv2%2Fmedia&parent=1031"}],"wp:term":[{"taxonomy":"post_tag","embeddable":true,"href":"https:\/\/usluge.ict-aac.hr\/udzbenik-pk\/index.php?rest_route=%2Fwp%2Fv2%2Ftags&post=1031"}],"curies":[{"name":"wp","href":"https:\/\/api.w.org\/{rel}","templated":true}]}}