{"id":1027,"date":"2020-09-18T15:02:32","date_gmt":"2020-09-18T15:02:32","guid":{"rendered":"http:\/\/usluge.ict-aac.hr\/udzbenik-pk\/\/?page_id=1027"},"modified":"2021-02-16T17:43:43","modified_gmt":"2021-02-16T17:43:43","slug":"maja-jurjak","status":"publish","type":"page","link":"https:\/\/usluge.ict-aac.hr\/udzbenik-pk\/?page_id=1027","title":{"rendered":"Maja Jurjak"},"content":{"rendered":"\n<figure class=\"wp-block-image size-large is-resized\"><img loading=\"lazy\" decoding=\"async\" src=\"http:\/\/usluge.ict-aac.hr\/udzbenik-pk\/\/wp-content\/uploads\/2020\/09\/Maja-Jaaa.jpg\" alt=\"\" class=\"wp-image-1207\" width=\"202\" height=\"270\"\/><\/figure>\n\n\n\n<p><strong>Maja Jurjak<\/strong> ro\u0111ena je 1991. godine u Zagrebu. Diplomski studij logopedije zavr\u0161ila je 2015. godine na Edukacijsko-rehabilitacijskom fakultetu, obraniv\u0161i diplomski rad na temu <em>Uvo\u0111enje potpomognute komunikacije kod djevoj\u010dice s Wolf-Hirschornovim sindromom<\/em>. Temu uvo\u0111enja potpomognute komunikacije, zna\u010daj multimodalnosti te rada s roditeljima kao komunikacijskim partnerima u okviru potpomognute komunikacije promovirala je kroz izlaganja na razli\u010ditim znanstvenim i stru\u010dnim skupovima. Trenuta\u010dno je zaposlena kao stru\u010dna suradnica u Logopedskom kabinetu Nastavno-klini\u010dkog centra Edukacijsko-rehabilitacijskog fakulteta, u kojem provodi procjenu, podr\u0161ku i savjetovanje iz podru\u010dja artikulacijsko-fonolo\u0161kih poreme\u0107aja te poreme\u0107aja \u010ditanja i pisanja.<\/p>\n","protected":false},"excerpt":{"rendered":"<p>Maja Jurjak ro\u0111ena je 1991. godine u Zagrebu. Diplomski studij logopedije zavr\u0161ila je 2015. godine na Edukacijsko-rehabilitacijskom fakultetu, obraniv\u0161i diplomski rad na temu Uvo\u0111enje potpomognute komunikacije kod djevoj\u010dice s Wolf-Hirschornovim sindromom. Temu uvo\u0111enja potpomognute komunikacije, zna\u010daj multimodalnosti te rada s [&hellip;]<\/p>\n","protected":false},"author":3,"featured_media":0,"parent":360,"menu_order":0,"comment_status":"closed","ping_status":"closed","template":"","meta":{"footnotes":""},"tags":[],"class_list":["post-1027","page","type-page","status-publish","hentry"],"_links":{"self":[{"href":"https:\/\/usluge.ict-aac.hr\/udzbenik-pk\/index.php?rest_route=\/wp\/v2\/pages\/1027","targetHints":{"allow":["GET"]}}],"collection":[{"href":"https:\/\/usluge.ict-aac.hr\/udzbenik-pk\/index.php?rest_route=\/wp\/v2\/pages"}],"about":[{"href":"https:\/\/usluge.ict-aac.hr\/udzbenik-pk\/index.php?rest_route=\/wp\/v2\/types\/page"}],"author":[{"embeddable":true,"href":"https:\/\/usluge.ict-aac.hr\/udzbenik-pk\/index.php?rest_route=\/wp\/v2\/users\/3"}],"replies":[{"embeddable":true,"href":"https:\/\/usluge.ict-aac.hr\/udzbenik-pk\/index.php?rest_route=%2Fwp%2Fv2%2Fcomments&post=1027"}],"version-history":[{"count":4,"href":"https:\/\/usluge.ict-aac.hr\/udzbenik-pk\/index.php?rest_route=\/wp\/v2\/pages\/1027\/revisions"}],"predecessor-version":[{"id":1635,"href":"https:\/\/usluge.ict-aac.hr\/udzbenik-pk\/index.php?rest_route=\/wp\/v2\/pages\/1027\/revisions\/1635"}],"up":[{"embeddable":true,"href":"https:\/\/usluge.ict-aac.hr\/udzbenik-pk\/index.php?rest_route=\/wp\/v2\/pages\/360"}],"wp:attachment":[{"href":"https:\/\/usluge.ict-aac.hr\/udzbenik-pk\/index.php?rest_route=%2Fwp%2Fv2%2Fmedia&parent=1027"}],"wp:term":[{"taxonomy":"post_tag","embeddable":true,"href":"https:\/\/usluge.ict-aac.hr\/udzbenik-pk\/index.php?rest_route=%2Fwp%2Fv2%2Ftags&post=1027"}],"curies":[{"name":"wp","href":"https:\/\/api.w.org\/{rel}","templated":true}]}}