{"id":1025,"date":"2020-09-18T15:01:53","date_gmt":"2020-09-18T15:01:53","guid":{"rendered":"http:\/\/usluge.ict-aac.hr\/udzbenik-pk\/\/?page_id=1025"},"modified":"2020-09-21T09:12:52","modified_gmt":"2020-09-21T09:12:52","slug":"ines-jagodic","status":"publish","type":"page","link":"https:\/\/usluge.ict-aac.hr\/udzbenik-pk\/?page_id=1025","title":{"rendered":"Ines Jagodi\u0107"},"content":{"rendered":"\n<figure class=\"wp-block-image size-large is-resized\"><img loading=\"lazy\" decoding=\"async\" src=\"http:\/\/usluge.ict-aac.hr\/udzbenik-pk\/\/wp-content\/uploads\/2020\/09\/Ines-Jaaa.jpg\" alt=\"\" class=\"wp-image-1213\" width=\"210\" height=\"282\"\/><\/figure>\n\n\n\n<p><strong>Ines Jagodi\u0107<\/strong> ro\u0111ena je 1994. godine u Zagrebu. Diplomirala je logopediju 2018. godine na Edukacijsko-rehabilitacijskom fakultetu, obraniv\u0161i rad na temu <em>Rana logopedska intervencija kod dje\u010daka s poreme\u0107ajem iz spektra autizma<\/em>. Odmah zatim zaposlila se u Centru za komunikaciju \u201cKod logopeda\u201d u kojem se bavi procjenom, pru\u017eanjem podr\u0161ke i savjetovanja kod djece pred\u0161kolske dobi s te\u0161ko\u0107ama u podru\u010dju komunikacije i jezi\u010dno-govornog razvoja te primjenom potpomognute komunikacije. Sudjelovala je na nekoliko konferencija i simpozija na temu potpomognute komunikacije.<\/p>\n","protected":false},"excerpt":{"rendered":"<p>Ines Jagodi\u0107 ro\u0111ena je 1994. godine u Zagrebu. Diplomirala je logopediju 2018. godine na Edukacijsko-rehabilitacijskom fakultetu, obraniv\u0161i rad na temu Rana logopedska intervencija kod dje\u010daka s poreme\u0107ajem iz spektra autizma. Odmah zatim zaposlila se u Centru za komunikaciju \u201cKod logopeda\u201d [&hellip;]<\/p>\n","protected":false},"author":3,"featured_media":0,"parent":360,"menu_order":0,"comment_status":"closed","ping_status":"closed","template":"","meta":{"footnotes":""},"tags":[],"class_list":["post-1025","page","type-page","status-publish","hentry"],"_links":{"self":[{"href":"https:\/\/usluge.ict-aac.hr\/udzbenik-pk\/index.php?rest_route=\/wp\/v2\/pages\/1025","targetHints":{"allow":["GET"]}}],"collection":[{"href":"https:\/\/usluge.ict-aac.hr\/udzbenik-pk\/index.php?rest_route=\/wp\/v2\/pages"}],"about":[{"href":"https:\/\/usluge.ict-aac.hr\/udzbenik-pk\/index.php?rest_route=\/wp\/v2\/types\/page"}],"author":[{"embeddable":true,"href":"https:\/\/usluge.ict-aac.hr\/udzbenik-pk\/index.php?rest_route=\/wp\/v2\/users\/3"}],"replies":[{"embeddable":true,"href":"https:\/\/usluge.ict-aac.hr\/udzbenik-pk\/index.php?rest_route=%2Fwp%2Fv2%2Fcomments&post=1025"}],"version-history":[{"count":2,"href":"https:\/\/usluge.ict-aac.hr\/udzbenik-pk\/index.php?rest_route=\/wp\/v2\/pages\/1025\/revisions"}],"predecessor-version":[{"id":1214,"href":"https:\/\/usluge.ict-aac.hr\/udzbenik-pk\/index.php?rest_route=\/wp\/v2\/pages\/1025\/revisions\/1214"}],"up":[{"embeddable":true,"href":"https:\/\/usluge.ict-aac.hr\/udzbenik-pk\/index.php?rest_route=\/wp\/v2\/pages\/360"}],"wp:attachment":[{"href":"https:\/\/usluge.ict-aac.hr\/udzbenik-pk\/index.php?rest_route=%2Fwp%2Fv2%2Fmedia&parent=1025"}],"wp:term":[{"taxonomy":"post_tag","embeddable":true,"href":"https:\/\/usluge.ict-aac.hr\/udzbenik-pk\/index.php?rest_route=%2Fwp%2Fv2%2Ftags&post=1025"}],"curies":[{"name":"wp","href":"https:\/\/api.w.org\/{rel}","templated":true}]}}