{"id":1021,"date":"2020-09-18T15:00:41","date_gmt":"2020-09-18T15:00:41","guid":{"rendered":"http:\/\/usluge.ict-aac.hr\/udzbenik-pk\/\/?page_id=1021"},"modified":"2021-02-16T17:39:23","modified_gmt":"2021-02-16T17:39:23","slug":"jasminka-cavuzic-cajko","status":"publish","type":"page","link":"https:\/\/usluge.ict-aac.hr\/udzbenik-pk\/?page_id=1021","title":{"rendered":"Jasminka \u010cavu\u017ei\u0107 \u010cajko"},"content":{"rendered":"\n<figure class=\"wp-block-image size-large is-resized\"><img loading=\"lazy\" decoding=\"async\" src=\"http:\/\/usluge.ict-aac.hr\/udzbenik-pk\/\/wp-content\/uploads\/2020\/09\/Jasminka-CC.jpg\" alt=\"\" class=\"wp-image-1139\" width=\"202\" height=\"269\"\/><\/figure>\n\n\n\n<p><\/p>\n\n\n\n<p><strong>Jasminka \u010cavu\u017ei\u0107 \u010cajko<\/strong> ro\u0111ena je 1978. godine u Zaboku. Diplomirala je logopediju na Edukacijsko-rehabilitacijskom fakultetu u Zagrebu 2001. godine. Kasnije je upisala poslijediplomski specijalisti\u010dki studij Rana intervencija u edukacijskoj rehabilitaciji, te 2012. stekla naziv sveu\u010dili\u0161na specijalistica rane intervencije. Trenuta\u010dno radi kao stru\u010dna suradnica \u2013 logoped u Dje\u010djem vrti\u0107u \u201cMaksimir\u201d. Prije toga radila je u Specijalnoj bolnici za medicinsku rehabilitaciju u Stubi\u010dkim Toplicama te u Poliklinici za rehabilitaciju slu\u0161anja i govora \u201cSuvag\u201d u Karlovcu. Sudjelovala je na projektima Hrvatske udruge za ranu intervenciju u djetinjstvu (HURID) koji su uklju\u010divali patrona\u017eu, osna\u017eivanje roditelja i podu\u010davanje djece s komunikacijskim i jezi\u010dno-govornim te\u0161ko\u0107ama te poreme\u0107ajima iz spektra autizma u prirodnom okru\u017eenju. Podru\u010dja logopedije za koje pokazuje poseban interes su komunikacijske i jezi\u010dne te\u0161ko\u0107e djece rane dobi te primjena potpomognute komunikacije. \u010clanica je Hrvatskog logopedskog dru\u0161tva i Hrvatske udruge za ranu intervenciju u djetinjstvu. Aktivno sudjeluje na znanstvenim i stru\u010dnim skupovima gdje izla\u017ee radove iz podru\u010dja rane intervencije i potpomognute komunikacije.<\/p>\n","protected":false},"excerpt":{"rendered":"<p>Jasminka \u010cavu\u017ei\u0107 \u010cajko ro\u0111ena je 1978. godine u Zaboku. Diplomirala je logopediju na Edukacijsko-rehabilitacijskom fakultetu u Zagrebu 2001. godine. Kasnije je upisala poslijediplomski specijalisti\u010dki studij Rana intervencija u edukacijskoj rehabilitaciji, te 2012. stekla naziv sveu\u010dili\u0161na specijalistica rane intervencije. Trenuta\u010dno radi [&hellip;]<\/p>\n","protected":false},"author":3,"featured_media":0,"parent":360,"menu_order":0,"comment_status":"closed","ping_status":"closed","template":"","meta":{"footnotes":""},"tags":[],"class_list":["post-1021","page","type-page","status-publish","hentry"],"_links":{"self":[{"href":"https:\/\/usluge.ict-aac.hr\/udzbenik-pk\/index.php?rest_route=\/wp\/v2\/pages\/1021","targetHints":{"allow":["GET"]}}],"collection":[{"href":"https:\/\/usluge.ict-aac.hr\/udzbenik-pk\/index.php?rest_route=\/wp\/v2\/pages"}],"about":[{"href":"https:\/\/usluge.ict-aac.hr\/udzbenik-pk\/index.php?rest_route=\/wp\/v2\/types\/page"}],"author":[{"embeddable":true,"href":"https:\/\/usluge.ict-aac.hr\/udzbenik-pk\/index.php?rest_route=\/wp\/v2\/users\/3"}],"replies":[{"embeddable":true,"href":"https:\/\/usluge.ict-aac.hr\/udzbenik-pk\/index.php?rest_route=%2Fwp%2Fv2%2Fcomments&post=1021"}],"version-history":[{"count":4,"href":"https:\/\/usluge.ict-aac.hr\/udzbenik-pk\/index.php?rest_route=\/wp\/v2\/pages\/1021\/revisions"}],"predecessor-version":[{"id":1632,"href":"https:\/\/usluge.ict-aac.hr\/udzbenik-pk\/index.php?rest_route=\/wp\/v2\/pages\/1021\/revisions\/1632"}],"up":[{"embeddable":true,"href":"https:\/\/usluge.ict-aac.hr\/udzbenik-pk\/index.php?rest_route=\/wp\/v2\/pages\/360"}],"wp:attachment":[{"href":"https:\/\/usluge.ict-aac.hr\/udzbenik-pk\/index.php?rest_route=%2Fwp%2Fv2%2Fmedia&parent=1021"}],"wp:term":[{"taxonomy":"post_tag","embeddable":true,"href":"https:\/\/usluge.ict-aac.hr\/udzbenik-pk\/index.php?rest_route=%2Fwp%2Fv2%2Ftags&post=1021"}],"curies":[{"name":"wp","href":"https:\/\/api.w.org\/{rel}","templated":true}]}}