{"id":1019,"date":"2020-09-18T14:59:19","date_gmt":"2020-09-18T14:59:19","guid":{"rendered":"http:\/\/usluge.ict-aac.hr\/udzbenik-pk\/\/?page_id=1019"},"modified":"2020-09-18T21:08:17","modified_gmt":"2020-09-18T21:08:17","slug":"zeljka-car","status":"publish","type":"page","link":"https:\/\/usluge.ict-aac.hr\/udzbenik-pk\/?page_id=1019","title":{"rendered":"\u017deljka Car"},"content":{"rendered":"\n<figure class=\"wp-block-image size-large is-resized\"><img loading=\"lazy\" decoding=\"async\" src=\"http:\/\/usluge.ict-aac.hr\/udzbenik-pk\/\/wp-content\/uploads\/2020\/09\/ja.jpg\" alt=\"\" class=\"wp-image-1136\" width=\"202\" height=\"232\"\/><\/figure>\n\n\n\n<p><strong>\u017deljka Car<\/strong> (ro\u0111. Sever) redovna je profesorica na Fakultetu elektrotehnike i ra\u010dunarstva (FER) Sveu\u010dili\u0161ta u Zagrebu. Voditeljica je Laboratorija za potpomognutu komunikaciju i asistivne tehnologije FER-a te koordinatorica Kompetencijske mre\u017ee ICT-AAC. Diplomirala je, magistrirala i doktorirala na istom fakultetu. Sudjeluje kao istra\u017eiva\u010dica na znanstvenim i tehnolo\u0161kim projektima pod pokroviteljstvom Ministarstva znanosti, obrazovanja i sporta Republike Hrvatske, Hrvatske zaklade za znanost, Hrvatske akademije znanosti i umjetnosti, Sveu\u010dili\u0161ta u Zagrebu, projektima financiranima sredstvima Europske unije te kao voditeljica i istra\u017eiva\u010dica u projektima suradnje s industrijskim partnerima i UNICEF-om. Pokrenula je nacionalno multidisciplinarno istra\u017eivanje u podru\u010dju razvoja ICT usluga za osobe sa slo\u017eenim komunikacijskim potrebama. Njezini istra\u017eiva\u010dki interesi su inovativna ICT rje\u0161enja za potpomognutu komunikaciju zasnovana na novih tehnologijama, asistivne tehnologije, upravljanje projektima i in\u017eenjerstvo programskih procesa. Koautorica je ve\u0107eg broja znanstvenih i stru\u010dnih radova objavljenih u me\u0111unarodnim \u010dasopisima i zbornicima radova s me\u0111unarodnih konferencija.<\/p>\n","protected":false},"excerpt":{"rendered":"<p>\u017deljka Car (ro\u0111. Sever) redovna je profesorica na Fakultetu elektrotehnike i ra\u010dunarstva (FER) Sveu\u010dili\u0161ta u Zagrebu. Voditeljica je Laboratorija za potpomognutu komunikaciju i asistivne tehnologije FER-a te koordinatorica Kompetencijske mre\u017ee ICT-AAC. Diplomirala je, magistrirala i doktorirala na istom fakultetu. Sudjeluje [&hellip;]<\/p>\n","protected":false},"author":3,"featured_media":0,"parent":360,"menu_order":0,"comment_status":"closed","ping_status":"closed","template":"","meta":{"footnotes":""},"tags":[],"class_list":["post-1019","page","type-page","status-publish","hentry"],"_links":{"self":[{"href":"https:\/\/usluge.ict-aac.hr\/udzbenik-pk\/index.php?rest_route=\/wp\/v2\/pages\/1019","targetHints":{"allow":["GET"]}}],"collection":[{"href":"https:\/\/usluge.ict-aac.hr\/udzbenik-pk\/index.php?rest_route=\/wp\/v2\/pages"}],"about":[{"href":"https:\/\/usluge.ict-aac.hr\/udzbenik-pk\/index.php?rest_route=\/wp\/v2\/types\/page"}],"author":[{"embeddable":true,"href":"https:\/\/usluge.ict-aac.hr\/udzbenik-pk\/index.php?rest_route=\/wp\/v2\/users\/3"}],"replies":[{"embeddable":true,"href":"https:\/\/usluge.ict-aac.hr\/udzbenik-pk\/index.php?rest_route=%2Fwp%2Fv2%2Fcomments&post=1019"}],"version-history":[{"count":3,"href":"https:\/\/usluge.ict-aac.hr\/udzbenik-pk\/index.php?rest_route=\/wp\/v2\/pages\/1019\/revisions"}],"predecessor-version":[{"id":1138,"href":"https:\/\/usluge.ict-aac.hr\/udzbenik-pk\/index.php?rest_route=\/wp\/v2\/pages\/1019\/revisions\/1138"}],"up":[{"embeddable":true,"href":"https:\/\/usluge.ict-aac.hr\/udzbenik-pk\/index.php?rest_route=\/wp\/v2\/pages\/360"}],"wp:attachment":[{"href":"https:\/\/usluge.ict-aac.hr\/udzbenik-pk\/index.php?rest_route=%2Fwp%2Fv2%2Fmedia&parent=1019"}],"wp:term":[{"taxonomy":"post_tag","embeddable":true,"href":"https:\/\/usluge.ict-aac.hr\/udzbenik-pk\/index.php?rest_route=%2Fwp%2Fv2%2Ftags&post=1019"}],"curies":[{"name":"wp","href":"https:\/\/api.w.org\/{rel}","templated":true}]}}